{"id":3573,"date":"2017-01-16T14:36:51","date_gmt":"2017-01-16T13:36:51","guid":{"rendered":"https:\/\/demo.qantumthemes.xyz\/onair2\/demo4\/blog-slideshow\/"},"modified":"2023-12-03T20:21:28","modified_gmt":"2023-12-03T20:21:28","slug":"blog-slideshow","status":"publish","type":"page","link":"https:\/\/exitos247.com\/index.php\/blog-slideshow\/","title":{"rendered":"Blog with slideshow"},"content":{"rendered":"\t\t<div data-elementor-type=\"wp-page\" data-elementor-id=\"3573\" class=\"elementor elementor-3573\">\n\t\t\t\t\t\t<section class=\"elementor-section elementor-top-section elementor-element elementor-element-629a5eb elementor-section-full_width elementor-section-height-default elementor-section-height-default\" data-id=\"629a5eb\" data-element_type=\"section\" data-e-type=\"section\" data-settings=\"{&quot;background_background&quot;:&quot;classic&quot;}\">\n\t\t\t\t\t\t<div class=\"elementor-container elementor-column-gap-default\">\n\t\t\t\t\t<div class=\"elementor-column elementor-col-100 elementor-top-column elementor-element elementor-element-ae31aca\" data-id=\"ae31aca\" data-element_type=\"column\" data-e-type=\"column\">\n\t\t\t<div class=\"elementor-widget-wrap elementor-element-populated\">\n\t\t\t\t\t\t<div class=\"elementor-element elementor-element-ea121a9 elementor-widget elementor-widget-onair-elementor-post-slider\" data-id=\"ea121a9\" data-element_type=\"widget\" data-e-type=\"widget\" data-widget_type=\"onair-elementor-post-slider.default\">\n\t\t\t\t<div class=\"elementor-widget-container\">\n\t\t\t\t\t\t\t\n\t\t<div class=\"qt-slickslider-container\">\n\t\t\t<div class=\"qt-slickslider qt-invisible qt-animated qt-slickslider-single qt-black-bg\" data-variablewidth=\"true\" data-arrows=\"true\" data-dots=\"true\" data-infinite=\"true\" data-centermode=\"true\" data-pauseonhover=\"true\" data-autoplay=\"true\" data-arrowsmobile=\"false\" data-centermodemobile=\"true\" data-dotsmobile=\"true\" data-variablewidthmobile=\"true\">\n\t\t\t\t\t\t\t\t\t<div class=\"qt-slick-opacity-fx qt-item\">\n\t\t\t\t\t\t<!-- POST HERO ITEM ========================= -->\n<div class=\"qt-part-archive-item qt-part-item-post-hero\">\n\t<div class=\"qt-item-header\">\n\t\t<div class=\"qt-header-top\">\n\t\t\t<div class=\"qt-feedback\">\n\t    \t\t0<i class=\"dripicons-heart\"><\/i>\t    \t<\/div>\n\t    <\/div>\n\t\t<div class=\"qt-header-mid qt-vc\">\n\t\t\t<div class=\"qt-vi\">\n\t\t\t\t<ul class=\"qt-tags\">\n\t\t\t\t\t<li>\n\t\t\t\t\t\t<a href=\"https:\/\/exitos247.com\/index.php\/category\/noticias\/entretenimiento\/\" rel=\"category tag\">ENTRETENIMIENTO<\/a><\/li><li><a href=\"https:\/\/exitos247.com\/index.php\/category\/musica\/\" rel=\"category tag\">MUSICA<\/a>\t\t\t\t\t<\/li>\n\t\t\t\t<\/ul>\n\t\t  \t\t<h2 class=\"qt-title\">\n\t\t\t\t\t<a href=\"https:\/\/exitos247.com\/index.php\/2025\/03\/12\/batalla-legal-daddy-yankee-demanda-a-su-exesposa-por-250-millones\/\" class=\"qt-text-shadow qt-ellipsis-2 qt-t\">\n\t\t\t\t\t\tBatalla legal: Daddy Yankee demanda a su exesposa por $250 millones\t\t\t\t\t<\/a>\n\t\t\t\t<\/h2>\n\t\t\t\t<div class=\"qt-the-content qt-spacer-s small hide-on-med-and-down \">\n\t\t\t\t\t<p class=\"qt-spacer-s qt-text-shadow small qt-ellipsis-2\">\n\t\t\t\t\tEl ic\u00f3nico cantante de reguet\u00f3n Daddy Yankee, cuyo verdadero nombre es Ram\u00f3n Luis Ayala Rodr\u00edguez, ha emprendido una batalla legal que ha sacudido la industria musical. El artista puertorrique\u00f1o interpuso una demanda contra su exesposa Mireddys Gonz\u00e1lez y su hermana Ayeicha Gonz\u00e1lez Castellanos, acus\u00e1ndolas de presuntas irregularidades financieras y da\u00f1os a su reputaci\u00f3n. La acci\u00f3n [&hellip;]\t\t\t\t\t<\/p>\n\t\t\t\t\t<p><a href=\"https:\/\/exitos247.com\/index.php\/2025\/03\/12\/batalla-legal-daddy-yankee-demanda-a-su-exesposa-por-250-millones\/\" class=\"qt-btn qt-btn-l qt-btn-primary \"><i class=\"dripicons-align-justify\"><\/i><\/a><\/p>\n\t\t\t\t<\/div>\n\t\t\t<\/div>\n\t\t<\/div>\n\t\t\t        <div class=\"qt-header-bg\" data-bgimage=\"https:\/\/exitos247.com\/wp-content\/uploads\/2025\/03\/images.jpeg\">\n\t            <img fetchpriority=\"high\" decoding=\"async\" width=\"300\" height=\"168\" src=\"https:\/\/exitos247.com\/wp-content\/uploads\/2025\/03\/images.jpeg\" class=\"img-responsive activator wp-post-image\" alt=\"\" \/>\t        <\/div>\n     \t\t<\/div>\n<\/div>\n<!-- POST HERO ITEM END ========================= -->\n\t\t\t\t\t<\/div>\n\t\t\t\t\t\t\t\t\t\t<div class=\"qt-slick-opacity-fx qt-item\">\n\t\t\t\t\t\t<!-- POST HERO ITEM ========================= -->\n<div class=\"qt-part-archive-item qt-part-item-post-hero\">\n\t<div class=\"qt-item-header\">\n\t\t<div class=\"qt-header-top\">\n\t\t\t<div class=\"qt-feedback\">\n\t    \t\t0<i class=\"dripicons-heart\"><\/i>\t    \t<\/div>\n\t    <\/div>\n\t\t<div class=\"qt-header-mid qt-vc\">\n\t\t\t<div class=\"qt-vi\">\n\t\t\t\t<ul class=\"qt-tags\">\n\t\t\t\t\t<li>\n\t\t\t\t\t\t<a href=\"https:\/\/exitos247.com\/index.php\/category\/noticias\/entretenimiento\/\" rel=\"category tag\">ENTRETENIMIENTO<\/a><\/li><li><a href=\"https:\/\/exitos247.com\/index.php\/category\/noticias\/\" rel=\"category tag\">NOTICIAS<\/a>\t\t\t\t\t<\/li>\n\t\t\t\t<\/ul>\n\t\t  \t\t<h2 class=\"qt-title\">\n\t\t\t\t\t<a href=\"https:\/\/exitos247.com\/index.php\/2025\/03\/12\/luto-en-la-musica-wheesung-exmiembro-de-a4-fallece-en-seul\/\" class=\"qt-text-shadow qt-ellipsis-2 qt-t\">\n\t\t\t\t\t\tLuto en la m\u00fasica: Wheesung, exmiembro de A4, fallece en Se\u00fal\t\t\t\t\t<\/a>\n\t\t\t\t<\/h2>\n\t\t\t\t<div class=\"qt-the-content qt-spacer-s small hide-on-med-and-down \">\n\t\t\t\t\t<p class=\"qt-spacer-s qt-text-shadow small qt-ellipsis-2\">\n\t\t\t\t\tLa industria de la m\u00fasica surcoreana est\u00e1 de luto tras la repentina muerte del reconocido cantante de R&amp;B Choi Wheesung. El artista, de 43 a\u00f1os, fue encontrado sin vida en su apartamento en Se\u00fal la tarde del 10 de marzo. Seg\u00fan informaron las autoridades, el cuerpo de Wheesung fue hallado alrededor de las 6:29 p. [&hellip;]\t\t\t\t\t<\/p>\n\t\t\t\t\t<p><a href=\"https:\/\/exitos247.com\/index.php\/2025\/03\/12\/luto-en-la-musica-wheesung-exmiembro-de-a4-fallece-en-seul\/\" class=\"qt-btn qt-btn-l qt-btn-primary \"><i class=\"dripicons-align-justify\"><\/i><\/a><\/p>\n\t\t\t\t<\/div>\n\t\t\t<\/div>\n\t\t<\/div>\n\t\t\t        <div class=\"qt-header-bg\" data-bgimage=\"https:\/\/exitos247.com\/wp-content\/uploads\/2025\/03\/67cf08abb0f95.r_d.483-428.jpeg\">\n\t            <img decoding=\"async\" width=\"600\" height=\"700\" src=\"https:\/\/exitos247.com\/wp-content\/uploads\/2025\/03\/67cf08abb0f95.r_d.483-428.jpeg\" class=\"img-responsive activator wp-post-image\" alt=\"\" srcset=\"https:\/\/exitos247.com\/wp-content\/uploads\/2025\/03\/67cf08abb0f95.r_d.483-428.jpeg 600w, https:\/\/exitos247.com\/wp-content\/uploads\/2025\/03\/67cf08abb0f95.r_d.483-428-257x300.jpeg 257w\" sizes=\"(max-width: 600px) 100vw, 600px\" \/>\t        <\/div>\n     \t\t<\/div>\n<\/div>\n<!-- POST HERO ITEM END ========================= -->\n\t\t\t\t\t<\/div>\n\t\t\t\t\t\t\t\t\t\t<div class=\"qt-slick-opacity-fx qt-item\">\n\t\t\t\t\t\t<!-- POST HERO ITEM ========================= -->\n<div class=\"qt-part-archive-item qt-part-item-post-hero\">\n\t<div class=\"qt-item-header\">\n\t\t<div class=\"qt-header-top\">\n\t\t\t<div class=\"qt-feedback\">\n\t    \t\t0<i class=\"dripicons-heart\"><\/i>\t    \t<\/div>\n\t    <\/div>\n\t\t<div class=\"qt-header-mid qt-vc\">\n\t\t\t<div class=\"qt-vi\">\n\t\t\t\t<ul class=\"qt-tags\">\n\t\t\t\t\t<li>\n\t\t\t\t\t\t<a href=\"https:\/\/exitos247.com\/index.php\/category\/noticias\/\" rel=\"category tag\">NOTICIAS<\/a>\t\t\t\t\t<\/li>\n\t\t\t\t<\/ul>\n\t\t  \t\t<h2 class=\"qt-title\">\n\t\t\t\t\t<a href=\"https:\/\/exitos247.com\/index.php\/2024\/06\/16\/perrito-fiel-no-abandona-a-su-dueno-tras-ser-atropellado-en-cdmx\/\" class=\"qt-text-shadow qt-ellipsis-2 qt-t\">\n\t\t\t\t\t\tPerrito fiel no abandona a su due\u00f1o tras ser atropellado en CDMX\t\t\t\t\t<\/a>\n\t\t\t\t<\/h2>\n\t\t\t\t<div class=\"qt-the-content qt-spacer-s small hide-on-med-and-down \">\n\t\t\t\t\t<p class=\"qt-spacer-s qt-text-shadow small qt-ellipsis-2\">\n\t\t\t\t\tPerrito se vuelve viral por no abandonar a su due\u00f1o tras atropello en CDMX En la Ciudad de M\u00e9xico, un conmovedor acto de lealtad se ha vuelto viral. Filipino, un perro grande y de color caf\u00e9 claro, se neg\u00f3 a abandonar a su due\u00f1o luego de que este fuera atropellado cerca de la Terminal de [&hellip;]\t\t\t\t\t<\/p>\n\t\t\t\t\t<p><a href=\"https:\/\/exitos247.com\/index.php\/2024\/06\/16\/perrito-fiel-no-abandona-a-su-dueno-tras-ser-atropellado-en-cdmx\/\" class=\"qt-btn qt-btn-l qt-btn-primary \"><i class=\"dripicons-align-justify\"><\/i><\/a><\/p>\n\t\t\t\t<\/div>\n\t\t\t<\/div>\n\t\t<\/div>\n\t\t\t        <div class=\"qt-header-bg\" data-bgimage=\"https:\/\/exitos247.com\/wp-content\/uploads\/2024\/06\/E-59-1024x576.png\">\n\t            <img decoding=\"async\" width=\"1024\" height=\"576\" src=\"https:\/\/exitos247.com\/wp-content\/uploads\/2024\/06\/E-59-1024x576.png\" class=\"img-responsive activator wp-post-image\" alt=\"\" srcset=\"https:\/\/exitos247.com\/wp-content\/uploads\/2024\/06\/E-59-1024x576.png 1024w, https:\/\/exitos247.com\/wp-content\/uploads\/2024\/06\/E-59-300x169.png 300w, https:\/\/exitos247.com\/wp-content\/uploads\/2024\/06\/E-59-768x432.png 768w, https:\/\/exitos247.com\/wp-content\/uploads\/2024\/06\/E-59-1536x864.png 1536w, https:\/\/exitos247.com\/wp-content\/uploads\/2024\/06\/E-59.png 1920w\" sizes=\"(max-width: 1024px) 100vw, 1024px\" \/>\t        <\/div>\n     \t\t<\/div>\n<\/div>\n<!-- POST HERO ITEM END ========================= -->\n\t\t\t\t\t<\/div>\n\t\t\t\t\t\t\t\t\t\t<div class=\"qt-slick-opacity-fx qt-item\">\n\t\t\t\t\t\t<!-- POST HERO ITEM ========================= -->\n<div class=\"qt-part-archive-item qt-part-item-post-hero\">\n\t<div class=\"qt-item-header\">\n\t\t<div class=\"qt-header-top\">\n\t\t\t<div class=\"qt-feedback\">\n\t    \t\t0<i class=\"dripicons-heart\"><\/i>\t    \t<\/div>\n\t    <\/div>\n\t\t<div class=\"qt-header-mid qt-vc\">\n\t\t\t<div class=\"qt-vi\">\n\t\t\t\t<ul class=\"qt-tags\">\n\t\t\t\t\t<li>\n\t\t\t\t\t\t<a href=\"https:\/\/exitos247.com\/index.php\/category\/noticias\/entretenimiento\/\" rel=\"category tag\">ENTRETENIMIENTO<\/a><\/li><li><a href=\"https:\/\/exitos247.com\/index.php\/category\/musica\/\" rel=\"category tag\">MUSICA<\/a>\t\t\t\t\t<\/li>\n\t\t\t\t<\/ul>\n\t\t  \t\t<h2 class=\"qt-title\">\n\t\t\t\t\t<a href=\"https:\/\/exitos247.com\/index.php\/2024\/06\/16\/terremoto-musical-los-fans-de-taylor-swift-sacuden-escocia\/\" class=\"qt-text-shadow qt-ellipsis-2 qt-t\">\n\t\t\t\t\t\t\u00a1Terremoto Musical! Los fans de Taylor Swift sacuden Escocia\t\t\t\t\t<\/a>\n\t\t\t\t<\/h2>\n\t\t\t\t<div class=\"qt-the-content qt-spacer-s small hide-on-med-and-down \">\n\t\t\t\t\t<p class=\"qt-spacer-s qt-text-shadow small qt-ellipsis-2\">\n\t\t\t\t\tUn Terremoto Swiftie: Los Fans de Taylor Swift Sacuden Escocia con su Energ\u00eda Los conciertos de Taylor Swift en Edimburgo, Escocia, no solo fueron un \u00e9xito musical, sino que tambi\u00e9n provocaron un fen\u00f3meno s\u00edsmico. Seg\u00fan el British Geological Survey (BGS), las vibraciones generadas por los fans durante los tres conciertos de la superestrella en el [&hellip;]\t\t\t\t\t<\/p>\n\t\t\t\t\t<p><a href=\"https:\/\/exitos247.com\/index.php\/2024\/06\/16\/terremoto-musical-los-fans-de-taylor-swift-sacuden-escocia\/\" class=\"qt-btn qt-btn-l qt-btn-primary \"><i class=\"dripicons-align-justify\"><\/i><\/a><\/p>\n\t\t\t\t<\/div>\n\t\t\t<\/div>\n\t\t<\/div>\n\t\t\t        <div class=\"qt-header-bg\" data-bgimage=\"https:\/\/exitos247.com\/wp-content\/uploads\/2024\/06\/E-58-1024x576.png\">\n\t            <img loading=\"lazy\" decoding=\"async\" width=\"1024\" height=\"576\" src=\"https:\/\/exitos247.com\/wp-content\/uploads\/2024\/06\/E-58-1024x576.png\" class=\"img-responsive activator wp-post-image\" alt=\"\" srcset=\"https:\/\/exitos247.com\/wp-content\/uploads\/2024\/06\/E-58-1024x576.png 1024w, https:\/\/exitos247.com\/wp-content\/uploads\/2024\/06\/E-58-300x169.png 300w, https:\/\/exitos247.com\/wp-content\/uploads\/2024\/06\/E-58-768x432.png 768w, https:\/\/exitos247.com\/wp-content\/uploads\/2024\/06\/E-58-1536x864.png 1536w, https:\/\/exitos247.com\/wp-content\/uploads\/2024\/06\/E-58.png 1920w\" sizes=\"(max-width: 1024px) 100vw, 1024px\" \/>\t        <\/div>\n     \t\t<\/div>\n<\/div>\n<!-- POST HERO ITEM END ========================= -->\n\t\t\t\t\t<\/div>\n\t\t\t\t\t\t\t\t\t\t<div class=\"qt-slick-opacity-fx qt-item\">\n\t\t\t\t\t\t<!-- POST HERO ITEM ========================= -->\n<div class=\"qt-part-archive-item qt-part-item-post-hero\">\n\t<div class=\"qt-item-header\">\n\t\t<div class=\"qt-header-top\">\n\t\t\t<div class=\"qt-feedback\">\n\t    \t\t0<i class=\"dripicons-heart\"><\/i>\t    \t<\/div>\n\t    <\/div>\n\t\t<div class=\"qt-header-mid qt-vc\">\n\t\t\t<div class=\"qt-vi\">\n\t\t\t\t<ul class=\"qt-tags\">\n\t\t\t\t\t<li>\n\t\t\t\t\t\t<a href=\"https:\/\/exitos247.com\/index.php\/category\/noticias\/entretenimiento\/\" rel=\"category tag\">ENTRETENIMIENTO<\/a><\/li><li><a href=\"https:\/\/exitos247.com\/index.php\/category\/musica\/\" rel=\"category tag\">MUSICA<\/a>\t\t\t\t\t<\/li>\n\t\t\t\t<\/ul>\n\t\t  \t\t<h2 class=\"qt-title\">\n\t\t\t\t\t<a href=\"https:\/\/exitos247.com\/index.php\/2024\/06\/15\/rihanna-regresa-a-la-musica-nuevo-album-en-camino-tras-8-anos-de-espera\/\" class=\"qt-text-shadow qt-ellipsis-2 qt-t\">\n\t\t\t\t\t\t\u00a1Rihanna regresa a la m\u00fasica! Nuevo \u00e1lbum en camino tras 8 a\u00f1os de espera\t\t\t\t\t<\/a>\n\t\t\t\t<\/h2>\n\t\t\t\t<div class=\"qt-the-content qt-spacer-s small hide-on-med-and-down \">\n\t\t\t\t\t<p class=\"qt-spacer-s qt-text-shadow small qt-ellipsis-2\">\n\t\t\t\t\tRihanna niega retiro y confirma nuevo \u00e1lbum mientras lanza Fenty Hair La espera ha terminado para los fan\u00e1ticos de Rihanna. La estrella de Barbados ha confirmado su regreso a la m\u00fasica con un nuevo \u00e1lbum en preparaci\u00f3n, su primer lanzamiento desde &#8220;Anti&#8221; en 2016. La noticia fue revelada durante el lanzamiento de su l\u00ednea de [&hellip;]\t\t\t\t\t<\/p>\n\t\t\t\t\t<p><a href=\"https:\/\/exitos247.com\/index.php\/2024\/06\/15\/rihanna-regresa-a-la-musica-nuevo-album-en-camino-tras-8-anos-de-espera\/\" class=\"qt-btn qt-btn-l qt-btn-primary \"><i class=\"dripicons-align-justify\"><\/i><\/a><\/p>\n\t\t\t\t<\/div>\n\t\t\t<\/div>\n\t\t<\/div>\n\t\t\t        <div class=\"qt-header-bg\" data-bgimage=\"https:\/\/exitos247.com\/wp-content\/uploads\/2024\/06\/E-57-1024x576.png\">\n\t            <img loading=\"lazy\" decoding=\"async\" width=\"1024\" height=\"576\" src=\"https:\/\/exitos247.com\/wp-content\/uploads\/2024\/06\/E-57-1024x576.png\" class=\"img-responsive activator wp-post-image\" alt=\"\" srcset=\"https:\/\/exitos247.com\/wp-content\/uploads\/2024\/06\/E-57-1024x576.png 1024w, https:\/\/exitos247.com\/wp-content\/uploads\/2024\/06\/E-57-300x169.png 300w, https:\/\/exitos247.com\/wp-content\/uploads\/2024\/06\/E-57-768x432.png 768w, https:\/\/exitos247.com\/wp-content\/uploads\/2024\/06\/E-57-1536x864.png 1536w, https:\/\/exitos247.com\/wp-content\/uploads\/2024\/06\/E-57.png 1920w\" sizes=\"(max-width: 1024px) 100vw, 1024px\" \/>\t        <\/div>\n     \t\t<\/div>\n<\/div>\n<!-- POST HERO ITEM END ========================= -->\n\t\t\t\t\t<\/div>\n\t\t\t\t\t\t\t\t<\/div>\n\t\t<\/div>\n\t\t\t\t\t\t<\/div>\n\t\t\t\t<\/div>\n\t\t\t\t\t<\/div>\n\t\t<\/div>\n\t\t\t\t\t<\/div>\n\t\t<\/section>\n\t\t\t\t<\/div>\n\t\t","protected":false},"excerpt":{"rendered":"<p>10 19 Events News Post format World The Subways Tour Diary: Days 6-10 the adventure continues The Subways were kind enough to chronicle their North American tour for us, and we\u2019ll be running their tour diary in several installments this week. Billy Lunn will be our guide, and as he writes, \u201cBecause so much usually [&hellip;]<\/p>\n","protected":false},"author":1,"featured_media":0,"parent":0,"menu_order":0,"comment_status":"closed","ping_status":"closed","template":"archive-grid.php","meta":{"om_disable_all_campaigns":false,"_monsterinsights_skip_tracking":false,"_monsterinsights_sitenote_active":false,"_monsterinsights_sitenote_note":"","_monsterinsights_sitenote_category":0,"footnotes":""},"class_list":["post-3573","page","type-page","status-publish","hentry"],"aioseo_notices":[],"_links":{"self":[{"href":"https:\/\/exitos247.com\/index.php\/wp-json\/wp\/v2\/pages\/3573","targetHints":{"allow":["GET"]}}],"collection":[{"href":"https:\/\/exitos247.com\/index.php\/wp-json\/wp\/v2\/pages"}],"about":[{"href":"https:\/\/exitos247.com\/index.php\/wp-json\/wp\/v2\/types\/page"}],"author":[{"embeddable":true,"href":"https:\/\/exitos247.com\/index.php\/wp-json\/wp\/v2\/users\/1"}],"replies":[{"embeddable":true,"href":"https:\/\/exitos247.com\/index.php\/wp-json\/wp\/v2\/comments?post=3573"}],"version-history":[{"count":1,"href":"https:\/\/exitos247.com\/index.php\/wp-json\/wp\/v2\/pages\/3573\/revisions"}],"predecessor-version":[{"id":4405,"href":"https:\/\/exitos247.com\/index.php\/wp-json\/wp\/v2\/pages\/3573\/revisions\/4405"}],"wp:attachment":[{"href":"https:\/\/exitos247.com\/index.php\/wp-json\/wp\/v2\/media?parent=3573"}],"curies":[{"name":"wp","href":"https:\/\/api.w.org\/{rel}","templated":true}]}}